{"id":10403,"date":"2017-11-07T02:43:34","date_gmt":"2017-11-06T23:43:34","guid":{"rendered":"\/?page_id=10403"},"modified":"2017-12-13T00:18:47","modified_gmt":"2017-12-12T21:18:47","slug":"add-business-prices","status":"publish","type":"page","link":"https:\/\/all.wemontreal.com\/fr\/add-business-prices\/","title":{"rendered":"Mettez votre compagnie \u2013 Prix"},"content":{"rendered":"&nbsp;<\/p>\n<h3>Suivez les instructions!<\/h3>\n<p>En cliquant sur le bouton Mettre la compagnie, vous passez \u00e0 la page \u00e0 remplir d\u2019informations sur votre compagnie; ensuite vous devez payer via PayPal. Ensuite, l\u2019administrateur introduira votre compagnie dans l\u2019Annuaire d\u2019Affaires ou dans notre info-lettre selon le prix choisi.<\/p>\n<div class=\"tableboxx\">\n<div class=\"wrap\">\n<div class=\"pricing-table\">\n<div class=\"plan-container\">\n<div class=\"plan-header\">\n<div class=\"thumbnail animated pulse infinite\">\n<div class=\"fa fa-gift\"><\/div>\n<\/div>\n<p>de $10 par semaine<\/p>\n<h2>Prix D\u00e9but<\/h2>\n<\/div>\n<div class=\"plan-details\">\n<ul>\n<li><small>Pour <\/small> 1 semaine<\/li>\n<li><small>Les details du listing<\/small><\/li>\n<li>Appara\u00eet dans l&rsquo;Annuaire: dans 1-2 jours<\/li>\n<li>Nombre de cat\u00e9gories: 1<\/li>\n<li><s>La priorit\u00e9 du listing<\/s><\/li>\n<li><s>La mise en relief du listing<\/s><\/li>\n<li><s>Mettre une vid\u00e9o<\/s><\/li>\n<li><s>L\u2019utilisation de la Gallerie<\/s><\/li>\n<li><s>L\u2019indication de la location<\/s><\/li>\n<li><s>L\u2019indication des heures de travail<\/s><\/li>\n<li><s>Contact (texte, t\u00e9l\u00e9phone et adresse)<\/s><\/li>\n<li><s>Les r\u00e9seaux sociaux<\/s><\/li>\n<li>Appara\u00eet dans l\u2019Annuaire<\/li>\n<li><s>Appara\u00eet dans le journal \u201cLes Affaires \u00e0 Montr\u00e9al\u201d<\/s><\/li>\n<li><s>Appara\u00eet dans l\u2019info-lettre<\/s><\/li>\n<li><s>Message \u00e0 tous les lecteurs du journal<\/s><\/li>\n<\/ul>\n<p><a class=\"button broken_link\" href=\"\/ru\/add-business-prices\/add-business-start\/\"> Introduire une compagnie <i class=\"fa fa-arrow-right\"><\/i><\/a><\/p>\n<\/div>\n<\/div>\n<\/div>\n<div class=\"pricing-table\">\n<div class=\"plan-container plan2\">\n<div class=\"plan-header\">\n<div class=\"thumbnail animated pulse infinite\">\n<div class=\"fa fa-shopping-cart\"><\/div>\n<\/div>\n<p>de $25 par semaine<\/p>\n<h2>Prix Profi<\/h2>\n<\/div>\n<div class=\"plan-details\">\n<ul>\n<li><small>Pour <\/small> renouvellement automatique<\/li>\n<li><small>Les details du listing<\/small><\/li>\n<li>Appara\u00eet tout de suite apr\u00e8s la moderation<\/li>\n<li>Nombre de cat\u00e9gories: 3<\/li>\n<li><s>La priorit\u00e9 du listing<\/s><\/li>\n<li>La mise en relief du listing: encadrement gris<\/li>\n<li><s>Mettre une vid\u00e9o<\/s><\/li>\n<li>L\u2019utilisation de la Gallerie<\/li>\n<li>L\u2019indication de la location<\/li>\n<li><s>L\u2019indication des heures de travail<\/s><\/li>\n<li>Contact (texte, t\u00e9l\u00e9phone et adresse)<\/li>\n<li><s>Les r\u00e9seaux sociaux<\/s><\/li>\n<li>Appara\u00eet dans l\u2019Annuaire<\/li>\n<li>Appara\u00eet dans le journal \u201cLes Affaires \u00e0 Montr\u00e9al\u201d<\/li>\n<li><s>Appara\u00eet dans l\u2019info-lettre<\/s><\/li>\n<li><s>Message \u00e0 tous les lecteurs du journal<\/s><\/li>\n<\/ul>\n<p><a class=\"button broken_link\" href=\"\/ru\/add-business-prices\/add-business-pro\/\"> Introduire une compagnie <i class=\"fa fa-arrow-right\"><\/i><\/a><\/p>\n<\/div>\n<\/div>\n<\/div>\n<div class=\"pricing-table\">\n<div class=\"plan-container\">\n<div class=\"plan-header\">\n<div class=\"thumbnail animated pulse infinite\">\n<div class=\"fa fa-paper-plane\"><\/div>\n<\/div>\n<p>de $45\u00a0 par semaine<\/p>\n<h2>Prix Illimit\u00e9 + Info-lettre<\/h2>\n<\/div>\n<div class=\"plan-details\">\n<ul>\n<li><small>Pour <\/small> 1 week in the Listing for free (BONUS!)<\/li>\n<li><small>Les details du listing<\/small><\/li>\n<li>Appara\u00eet tout de suite apr\u00e8s la moderation<\/li>\n<li>Nombre de cat\u00e9gories: 5<\/li>\n<li>La mise en relief du listing: la top position<\/li>\n<li>La mise en relief du listing: encadrement blue<\/li>\n<li>Mettre une vid\u00e9o<\/li>\n<li>L\u2019utilisation de la Gallerie<\/li>\n<li>L\u2019indication de la location<\/li>\n<li>L\u2019indication des heures de travail<\/li>\n<li>Contact (texte, t\u00e9l\u00e9phone et adresse)<\/li>\n<li>Les r\u00e9seaux sociaux<\/li>\n<li>Appara\u00eet dans l\u2019Annuaire<\/li>\n<li>Appara\u00eet dans le journal \u201cLes Affaires \u00e0 Montr\u00e9al\u201d<\/li>\n<li>Appara\u00eet dans l\u2019info-lettre<\/li>\n<li>Message \u00e0 tous les lecteurs du journal<\/li>\n<\/ul>\n<p><a class=\"button broken_link\" href=\"\/ru\/add-business-prices\/add-business-unlimited\/\"> Introduire une compagnie <i class=\"fa fa-arrow-right\"><\/i><\/a><\/p>\n<\/div>\n<\/div>\n<\/div>\n<\/div>\n<\/div>\n<div class=\"box success \">\n<div class=\"box-inner-block\"><i class=\"fa tie-shortcode-boxicon\"><\/i> Les milliers des visiteurs verront votre annonce sur notre site-web \u00e0 chaque jour!<\/div>\n<\/div>\n<div class=\"box info \">\n<div class=\"box-inner-block\"><i class=\"fa tie-shortcode-boxicon\"><\/i>Attention, les announces gratuities sont accept\u00e9es seulement au Canada, au Qu\u00e9bec, \u00e0 Montr\u00e9al!<\/div>\n<\/div>","protected":false},"excerpt":{"rendered":"<p>&nbsp; Suivez les instructions! En cliquant sur le bouton Mettre la compagnie, vous passez \u00e0 la page \u00e0 remplir d\u2019informations&hellip;<\/p>\n","protected":false},"author":3,"featured_media":0,"parent":0,"menu_order":0,"comment_status":"closed","ping_status":"closed","template":"page-no-new.php","meta":{"footnotes":""},"class_list":["post-10403","page","type-page","status-publish","hentry"],"aioseo_notices":[],"_links":{"self":[{"href":"https:\/\/all.wemontreal.com\/fr\/wp-json\/wp\/v2\/pages\/10403","targetHints":{"allow":["GET"]}}],"collection":[{"href":"https:\/\/all.wemontreal.com\/fr\/wp-json\/wp\/v2\/pages"}],"about":[{"href":"https:\/\/all.wemontreal.com\/fr\/wp-json\/wp\/v2\/types\/page"}],"author":[{"embeddable":true,"href":"https:\/\/all.wemontreal.com\/fr\/wp-json\/wp\/v2\/users\/3"}],"replies":[{"embeddable":true,"href":"https:\/\/all.wemontreal.com\/fr\/wp-json\/wp\/v2\/comments?post=10403"}],"version-history":[{"count":75,"href":"https:\/\/all.wemontreal.com\/fr\/wp-json\/wp\/v2\/pages\/10403\/revisions"}],"predecessor-version":[{"id":10633,"href":"https:\/\/all.wemontreal.com\/fr\/wp-json\/wp\/v2\/pages\/10403\/revisions\/10633"}],"wp:attachment":[{"href":"https:\/\/all.wemontreal.com\/fr\/wp-json\/wp\/v2\/media?parent=10403"}],"curies":[{"name":"wp","href":"https:\/\/api.w.org\/{rel}","templated":true}]}}